{"id":414,"date":"2023-12-13T20:12:33","date_gmt":"2023-12-13T19:12:33","guid":{"rendered":"https:\/\/bavito.cz\/?post_type=product&#038;p=414"},"modified":"2026-04-04T06:42:36","modified_gmt":"2026-04-04T04:42:36","slug":"dreveny-trojuhelnik-piklerova-skladaci-prirodni-varianta","status":"publish","type":"product","link":"https:\/\/bavito.cz\/?product=dreveny-trojuhelnik-piklerova-skladaci-prirodni-varianta","title":{"rendered":"D\u0159ev\u011bn\u00fd troj\u00faheln\u00edk Piklerova SKL\u00c1DAC\u00cd, p\u0159\u00edrodn\u00ed varianta"},"content":{"rendered":"<p>N\u00e1\u0161 d\u0159ev\u011bn\u00fd velk\u00fd &#8222;Piklerova&#8220; skl\u00e1dac\u00ed troj\u00faheln\u00edk je v\u00fdborn\u00fdm dopl\u0148kem ka\u017ed\u00e9ho d\u011btsk\u00e9ho pokoj\u00edku. Kr\u00e1sn\u011b dopln\u00ed vzhled pokoj\u00ed\u010dku d\u00edky pou\u017eit\u00ed v\u00fdhradn\u011b p\u0159\u00edrodn\u00edho materi\u00e1lu &#8211; d\u0159eva. Nejen, \u017ee po rozlo\u017een\u00ed poslou\u017e\u00ed jako v\u00fdborn\u00e1 prol\u00e9za\u010dka, nebo bunkr, ale z\u00e1rove\u0148 po slo\u017een\u00ed je skladn\u00fd a tud\u00ed\u017e nebude v prostoru p\u0159ek\u00e1\u017eet. Ide\u00e1ln\u00ed volba do men\u0161\u00edho prostoru, ve kter\u00e9m jeho rozlo\u017eitelnost opravdu ocen\u00edte. Troj\u00faheln\u00edk Piklerova dokonale spad\u00e1 do programu <strong>Montessori<\/strong> a je z\u00e1rukou<strong> 100% z\u00e1bavy<\/strong> a vyu\u017eit\u00ed pro Va\u0161e d\u011bti.<\/p>\n<blockquote>\n<h2>Je Va\u0161e d\u00edtko doslova horolezec? V\u0161ude by se \u0161plhalo do nekone\u010dn\u00fdch v\u00fd\u0161in a v\u016fbec ho tato \u010dinnost neunav\u00ed? Tak to je tento troj\u00faheln\u00edk Piklerova ide\u00e1ln\u00ed volbou pro V\u00e1\u0161 n\u00e1kup!<\/h2>\n<\/blockquote>\n<p>Rozlo\u017een\u00fd troj\u00faheln\u00edk zasunete hladce pod postel, op\u0159ete o ze\u010f, nebo postav\u00edte do rohu. Prost\u011b zabere minimum prostoru, av\u0161ak po rychl\u00e9m rozlo\u017een\u00ed ur\u010dit\u011b vy\u010daruje \u00fasm\u011bvy na d\u011btsk\u00fdch tv\u00e1\u0159\u00edch. Konstrukce je pouze d\u0159ev\u011bn\u00e1, krom\u011b spojovac\u00edch \u0161roub\u016f jednotliv\u00fdch lat\u011bk a proto\u017ee je v\u0161e navrhnut\u00e9 velmi p\u0159esn\u011b a dokonale, nevyd\u00e1v\u00e1 p\u0159i skl\u00e1d\u00e1n\u00ed ani &#8222;p\u00edpnut\u00ed&#8220;. Dokoupen\u00edm prkna 2v1* pro tento troj\u00faheln\u00edk roz\u0161\u00ed\u0159\u00edte okruh z\u00e1bavy ze \u0161plh\u00e1n\u00ed tak\u00e9 na skluzavku \u010di horolezeckou st\u011bnu.<\/p>\n<p style=\"text-align: right;\"><em>*intenzivn\u011b pracujeme na tom, abychom na BAVITO.cz co nejd\u0159\u00edve m\u011bli k prodeji.<\/em><\/p>\n<h2><strong>Bezpe\u010dnost je u n\u00e1s na prvn\u00edm m\u00edst\u011b!<\/strong><\/h2>\n<p style=\"text-align: center;\"><img loading=\"lazy\" decoding=\"async\" class=\"alignnone wp-image-421 size-medium\" src=\"http:\/\/bavito.cz\/wp-content\/uploads\/2023\/12\/1701893515018-300x236.jpg\" alt=\"\" width=\"300\" height=\"236\" srcset=\"https:\/\/bavito.cz\/wp-content\/uploads\/2023\/12\/1701893515018-300x236.jpg 300w, https:\/\/bavito.cz\/wp-content\/uploads\/2023\/12\/1701893515018-1024x805.jpg 1024w, https:\/\/bavito.cz\/wp-content\/uploads\/2023\/12\/1701893515018-768x603.jpg 768w, https:\/\/bavito.cz\/wp-content\/uploads\/2023\/12\/1701893515018-600x471.jpg 600w, https:\/\/bavito.cz\/wp-content\/uploads\/2023\/12\/1701893515018.jpg 1260w\" sizes=\"auto, (max-width: 300px) 100vw, 300px\" \/> \u00a0 <img loading=\"lazy\" decoding=\"async\" class=\"alignnone wp-image-418\" src=\"http:\/\/bavito.cz\/wp-content\/uploads\/2023\/12\/1701893514994-242x300.jpg\" alt=\"\" width=\"190\" height=\"236\" srcset=\"https:\/\/bavito.cz\/wp-content\/uploads\/2023\/12\/1701893514994-242x300.jpg 242w, https:\/\/bavito.cz\/wp-content\/uploads\/2023\/12\/1701893514994-825x1024.jpg 825w, https:\/\/bavito.cz\/wp-content\/uploads\/2023\/12\/1701893514994-768x954.jpg 768w, https:\/\/bavito.cz\/wp-content\/uploads\/2023\/12\/1701893514994-1237x1536.jpg 1237w, https:\/\/bavito.cz\/wp-content\/uploads\/2023\/12\/1701893514994-1024x1272.jpg 1024w, https:\/\/bavito.cz\/wp-content\/uploads\/2023\/12\/1701893514994-1320x1639.jpg 1320w, https:\/\/bavito.cz\/wp-content\/uploads\/2023\/12\/1701893514994-600x745.jpg 600w, https:\/\/bavito.cz\/wp-content\/uploads\/2023\/12\/1701893514994.jpg 1550w\" sizes=\"auto, (max-width: 190px) 100vw, 190px\" \/> \u00a0\u00a0<img loading=\"lazy\" decoding=\"async\" class=\"alignnone wp-image-426\" src=\"http:\/\/bavito.cz\/wp-content\/uploads\/2023\/12\/1701893515059-300x248.jpg\" alt=\"\" width=\"286\" height=\"236\" srcset=\"https:\/\/bavito.cz\/wp-content\/uploads\/2023\/12\/1701893515059-300x248.jpg 300w, https:\/\/bavito.cz\/wp-content\/uploads\/2023\/12\/1701893515059-1024x845.jpg 1024w, https:\/\/bavito.cz\/wp-content\/uploads\/2023\/12\/1701893515059-768x634.jpg 768w, https:\/\/bavito.cz\/wp-content\/uploads\/2023\/12\/1701893515059-447x367.jpg 447w, https:\/\/bavito.cz\/wp-content\/uploads\/2023\/12\/1701893515059-420x345.jpg 420w, https:\/\/bavito.cz\/wp-content\/uploads\/2023\/12\/1701893515059-600x495.jpg 600w, https:\/\/bavito.cz\/wp-content\/uploads\/2023\/12\/1701893515059.jpg 1200w\" sizes=\"auto, (max-width: 286px) 100vw, 286px\" \/><\/p>\n<p>Konstrukce troj\u00faheln\u00edku je navr\u017eena tak, aby zajistila maxim\u00e1ln\u00ed bezpe\u010dnost p\u0159i hran\u00ed. V\u0161echny hrany jsou dokonale zabrou\u0161eny do hladka a kulata a spojovac\u00ed materi\u00e1l je zapu\u0161t\u011bn tak, aby nikde nevy\u010dn\u00edval. Ty\u010de z masivu jsou dokonale hladk\u00e9. Kvalita a odolnost pou\u017eit\u00fdch materi\u00e1l\u016f zaji\u0161\u0165uj\u00ed pot\u0159ebnou stabilitu. Jednotliv\u00e9 ty\u010de troj\u00faheln\u00edku m\u00e1 nosnost 40 kg. Aretace skl\u00e1dan\u00e9 strany p\u0159esn\u011b kop\u00edruje tvar p\u0159edposledn\u00ed la\u0165ky, o kterou se noha zastav\u00ed a dr\u017e\u00ed. P\u0159i hran\u00ed se d\u00edky tomuto d\u016fmysln\u00e9mu z\u00e1mku nem\u016f\u017ee st\u00e1t, \u017ee by se troj\u00faheln\u00edk rozlo\u017eil.<\/p>\n<p><img loading=\"lazy\" decoding=\"async\" class=\"alignnone wp-image-366 size-full\" src=\"http:\/\/bavito.cz\/wp-content\/uploads\/2023\/09\/pikt_kva_roh_rucne.png\" alt=\"\" width=\"600\" height=\"225\" srcset=\"https:\/\/bavito.cz\/wp-content\/uploads\/2023\/09\/pikt_kva_roh_rucne.png 600w, https:\/\/bavito.cz\/wp-content\/uploads\/2023\/09\/pikt_kva_roh_rucne-300x113.png 300w\" sizes=\"auto, (max-width: 600px) 100vw, 600px\" \/><img loading=\"lazy\" decoding=\"async\" class=\"alignnone wp-image-415\" src=\"http:\/\/bavito.cz\/wp-content\/uploads\/2023\/12\/1701893515072-300x248.jpg\" alt=\"\" width=\"256\" height=\"212\" srcset=\"https:\/\/bavito.cz\/wp-content\/uploads\/2023\/12\/1701893515072-300x248.jpg 300w, https:\/\/bavito.cz\/wp-content\/uploads\/2023\/12\/1701893515072-1024x847.jpg 1024w, https:\/\/bavito.cz\/wp-content\/uploads\/2023\/12\/1701893515072-768x636.jpg 768w, https:\/\/bavito.cz\/wp-content\/uploads\/2023\/12\/1701893515072-600x497.jpg 600w, https:\/\/bavito.cz\/wp-content\/uploads\/2023\/12\/1701893515072.jpg 1160w\" sizes=\"auto, (max-width: 256px) 100vw, 256px\" \/> \u00a0<img loading=\"lazy\" decoding=\"async\" class=\"alignnone wp-image-416 size-medium\" src=\"http:\/\/bavito.cz\/wp-content\/uploads\/2023\/12\/1701893515066-300x212.jpg\" alt=\"\" width=\"300\" height=\"212\" srcset=\"https:\/\/bavito.cz\/wp-content\/uploads\/2023\/12\/1701893515066-300x212.jpg 300w, https:\/\/bavito.cz\/wp-content\/uploads\/2023\/12\/1701893515066-1024x725.jpg 1024w, https:\/\/bavito.cz\/wp-content\/uploads\/2023\/12\/1701893515066-768x544.jpg 768w, https:\/\/bavito.cz\/wp-content\/uploads\/2023\/12\/1701893515066-1536x1087.jpg 1536w, https:\/\/bavito.cz\/wp-content\/uploads\/2023\/12\/1701893515066-2048x1449.jpg 2048w, https:\/\/bavito.cz\/wp-content\/uploads\/2023\/12\/1701893515066-1320x934.jpg 1320w, https:\/\/bavito.cz\/wp-content\/uploads\/2023\/12\/1701893515066-600x425.jpg 600w\" sizes=\"auto, (max-width: 300px) 100vw, 300px\" \/><\/p>\n<h2><strong>U\u010d\u00edme na\u0161e d\u011bti.<\/strong><\/h2>\n<p>Troj\u00faheln\u00edk rozvine pohybovou aktivitu Va\u0161eho d\u00edt\u011bte a podpo\u0159\u00ed koordinaci rukou, no\u017ei\u010dek a o\u010d\u00ed. Montessori troj\u00faheln\u00edk Piklerova poskytne va\u0161emu d\u00edt\u011bti skv\u011blou z\u00e1bavu p\u0159i prol\u00e9z\u00e1n\u00ed a zdol\u00e1v\u00e1n\u00ed samotn\u00e9ho vrcholu. Podporuje fyzickou aktivitu a t\u00edm zlep\u0161uje celkovou fyzickou kondici d\u00edt\u011bte.<\/p>\n<p><img loading=\"lazy\" decoding=\"async\" class=\"alignnone wp-image-368 size-full\" src=\"http:\/\/bavito.cz\/wp-content\/uploads\/2023\/09\/pikt_rodina.png\" alt=\"\" width=\"600\" height=\"75\" srcset=\"https:\/\/bavito.cz\/wp-content\/uploads\/2023\/09\/pikt_rodina.png 600w, https:\/\/bavito.cz\/wp-content\/uploads\/2023\/09\/pikt_rodina-300x38.png 300w\" sizes=\"auto, (max-width: 600px) 100vw, 600px\" \/><\/p>\n<p><img loading=\"lazy\" decoding=\"async\" class=\"alignnone wp-image-369 size-full\" src=\"http:\/\/bavito.cz\/wp-content\/uploads\/2023\/09\/pikt_detsky_usmev.png\" alt=\"\" width=\"600\" height=\"75\" srcset=\"https:\/\/bavito.cz\/wp-content\/uploads\/2023\/09\/pikt_detsky_usmev.png 600w, https:\/\/bavito.cz\/wp-content\/uploads\/2023\/09\/pikt_detsky_usmev-300x38.png 300w\" sizes=\"auto, (max-width: 600px) 100vw, 600px\" \/><\/p>\n<p><img loading=\"lazy\" decoding=\"async\" class=\"alignnone wp-image-370 size-full\" src=\"http:\/\/bavito.cz\/wp-content\/uploads\/2023\/09\/pikt_darek.png\" alt=\"\" width=\"600\" height=\"75\" srcset=\"https:\/\/bavito.cz\/wp-content\/uploads\/2023\/09\/pikt_darek.png 600w, https:\/\/bavito.cz\/wp-content\/uploads\/2023\/09\/pikt_darek-300x38.png 300w\" sizes=\"auto, (max-width: 600px) 100vw, 600px\" \/><\/p>\n<h5>Vlastnosti:<\/h5>\n<p>Rozm\u011bry rozlo\u017een\u00e9ho: 90 x 56 x 80 cm (v. x \u0161. x d.), rameno dlouh\u00e9 106 cm<br \/>\nRozm\u011bry slo\u017een\u00e9ho: 117 x 56 x 27 cm (v. x \u0161. x h.)<br \/>\nRozchod lat\u00ed: 15,5 cm<br \/>\nV\u00e1ha: 5 kg (bez dodate\u010dn\u00fdch \u00faprav lakov\u00e1n\u00edm \u010di n\u00e1t\u011brem)<br \/>\nMateri\u00e1l proveden\u00ed: B\u0159ezov\u00e1 p\u0159ekli\u017eka jakost I. o s\u00edle 12mm, ty\u010dky smrkov\u00fd masiv o s\u00edle 25mm<br \/>\nV\u011bk: 18m+<br \/>\nMaxim\u00e1ln\u00ed nosnost: 40 kg<br \/>\nVelikost balen\u00ed: 118 x 58 x 29 cm<br \/>\nHmotnost s obalem: 5,4 kg<br \/>\nPo\u010det p\u0159\u00ed\u010dek: 11, Spojovac\u00ed materi\u00e1l: 22x<\/p>\n<p><img loading=\"lazy\" decoding=\"async\" class=\"alignnone wp-image-371 size-full\" src=\"http:\/\/bavito.cz\/wp-content\/uploads\/2023\/09\/pikt_doprava-zdarma.png\" alt=\"\" width=\"600\" height=\"75\" srcset=\"https:\/\/bavito.cz\/wp-content\/uploads\/2023\/09\/pikt_doprava-zdarma.png 600w, https:\/\/bavito.cz\/wp-content\/uploads\/2023\/09\/pikt_doprava-zdarma-300x38.png 300w\" sizes=\"auto, (max-width: 600px) 100vw, 600px\" \/><\/p>\n","protected":false},"excerpt":{"rendered":"<ul>\n<li>V p\u0159\u00edrodn\u00ed variant\u011b, bez lak\u016f a barev<\/li>\n<li>Barevn\u00e9 variace brzy dostupn\u00e9<\/li>\n<li>K dod\u00e1n\u00ed<span style=\"color: #339966;\"><strong> ihned<\/strong><\/span><\/li>\n<li>Pro d\u011bti od 18 m\u011bs\u00edc\u016f<\/li>\n<li>Montessori skl\u00e1dac\u00ed prvek<\/li>\n<li>Materi\u00e1l: B\u0159ezov\u00e1 p\u0159ekli\u017eka a smrkov\u00fd masiv<\/li>\n<li>Nosnost 40kg<\/li>\n<li>Origin\u00e1ln\u00ed <span style=\"text-decoration: underline;\">vlastn\u00ed<\/span> <span style=\"color: #ff0000;\">\u2665<\/span> <strong>\u010cESK\u00c1 v\u00fdroba<\/strong> <span style=\"color: #ff0000;\">\u2665<\/span><\/li>\n<\/ul>\n<p><img loading=\"lazy\" decoding=\"async\" class=\"alignnone wp-image-395 size-full\" src=\"http:\/\/bavito.cz\/wp-content\/uploads\/2023\/09\/pikt_certifikace1.png\" alt=\"\" width=\"600\" height=\"75\" srcset=\"https:\/\/bavito.cz\/wp-content\/uploads\/2023\/09\/pikt_certifikace1.png 600w, https:\/\/bavito.cz\/wp-content\/uploads\/2023\/09\/pikt_certifikace1-300x38.png 300w\" sizes=\"auto, (max-width: 600px) 100vw, 600px\" \/><\/p>\n","protected":false},"featured_media":417,"comment_status":"open","ping_status":"closed","template":"","meta":[],"product_brand":[],"product_cat":[16,23,58],"product_tag":[24,29,17,25,27,20,37],"class_list":{"0":"post-414","1":"product","2":"type-product","3":"status-publish","4":"has-post-thumbnail","6":"product_cat-hracky","7":"product_cat-montessori","8":"product_cat-trojuhelnik","9":"product_tag-bunkr","10":"product_tag-montessori","11":"product_tag-prolezani","12":"product_tag-sezeni","13":"product_tag-skluzavka","14":"product_tag-stabilita","15":"product_tag-vlastni-vyroba","16":"product_shipping_class-vd","18":"first","19":"instock","20":"shipping-taxable","21":"purchasable","22":"product-type-simple"},"jetpack_sharing_enabled":true,"_links":{"self":[{"href":"https:\/\/bavito.cz\/index.php?rest_route=\/wp\/v2\/product\/414","targetHints":{"allow":["GET"]}}],"collection":[{"href":"https:\/\/bavito.cz\/index.php?rest_route=\/wp\/v2\/product"}],"about":[{"href":"https:\/\/bavito.cz\/index.php?rest_route=\/wp\/v2\/types\/product"}],"replies":[{"embeddable":true,"href":"https:\/\/bavito.cz\/index.php?rest_route=%2Fwp%2Fv2%2Fcomments&post=414"}],"wp:featuredmedia":[{"embeddable":true,"href":"https:\/\/bavito.cz\/index.php?rest_route=\/wp\/v2\/media\/417"}],"wp:attachment":[{"href":"https:\/\/bavito.cz\/index.php?rest_route=%2Fwp%2Fv2%2Fmedia&parent=414"}],"wp:term":[{"taxonomy":"product_brand","embeddable":true,"href":"https:\/\/bavito.cz\/index.php?rest_route=%2Fwp%2Fv2%2Fproduct_brand&post=414"},{"taxonomy":"product_cat","embeddable":true,"href":"https:\/\/bavito.cz\/index.php?rest_route=%2Fwp%2Fv2%2Fproduct_cat&post=414"},{"taxonomy":"product_tag","embeddable":true,"href":"https:\/\/bavito.cz\/index.php?rest_route=%2Fwp%2Fv2%2Fproduct_tag&post=414"}],"curies":[{"name":"wp","href":"https:\/\/api.w.org\/{rel}","templated":true}]}}