{"id":243,"date":"2023-11-24T20:49:29","date_gmt":"2023-11-24T19:49:29","guid":{"rendered":"https:\/\/bavito.cz\/?post_type=product&#038;p=243"},"modified":"2025-11-13T12:12:24","modified_gmt":"2025-11-13T11:12:24","slug":"houpacka-s-zebrikem-variace-veze","status":"publish","type":"product","link":"https:\/\/bavito.cz\/?product=houpacka-s-zebrikem-variace-veze","title":{"rendered":"Houpa\u010dka s \u017eeb\u0159\u00edkem, variace v\u011b\u017ee"},"content":{"rendered":"<p>Velk\u00e9 houpadlo s mo\u017enost\u00ed \u017eeb\u0159\u00edku, bunkru a t\u0159eba tak\u00e9 v\u011bzen\u00ed. Houpa\u010dka je variac\u00ed na u\u010d\u00edc\u00ed v\u011b\u017e. M\u00e1te r\u00e1di p\u0159\u00edrodn\u00ed materi\u00e1ly? To je dob\u0159e! Houpadlo je vyroben\u00e9 v\u00fdhradn\u011b ze d\u0159eva. V pokoj\u00ed\u010dku bude bude skv\u011bl\u00fdm dopl\u0148kem k d\u011btsk\u00e9mu n\u00e1bytku a hlavn\u011b se postar\u00e1 o nekon\u010d\u00edc\u00ed z\u00e1bavu va\u0161emu d\u00edtku. V pokoj\u00ed\u010dku poslou\u017e\u00ed jako houpa\u010dka, \u017eeb\u0159\u00edk, prol\u00e9za\u010dka \u010di bunkr. P\u0159i d\u011btsk\u00fdch oslav\u00e1ch nebo jin\u00fdch radov\u00e1nk\u00e1ch tak\u00e9 jako v\u011bzen\u00ed! D\u011bti se hrou na houpa\u010dce bude u\u010dit balancovat, cvi\u010dit rovnov\u00e1hu a rozv\u00edjet svou motoriku. Houpa\u010dka tak dokonale spad\u00e1 do programu <strong>Montessori<\/strong> a je z\u00e1rukou<strong> 100% z\u00e1bavy<\/strong> a vyu\u017eit\u00ed pro Va\u0161e nejmen\u0161\u00ed.<\/p>\n<blockquote>\n<h2><strong>Miluje Va\u0161e d\u00edtko bunkry? Vyhled\u00e1v\u00e1 p\u0159i ka\u017ed\u00e9 proch\u00e1zce venku prol\u00e9za\u010dky, \u010di skluzavky? Tak to kouk\u00e1te na spr\u00e1vn\u011b!<\/strong><\/h2>\n<\/blockquote>\n<p>R\u016fzn\u00fdm postaven\u00edm houpa\u010dky a samoz\u0159ejm\u011b pot\u0159ebnou p\u0159edstavivost\u00ed m\u016f\u017ee slou\u017eit tak\u00e9 jako:<\/p>\n<ul>\n<li>Prol\u00e9za\u010dka<\/li>\n<li>Bunkr<\/li>\n<li>Most<\/li>\n<li>V\u011bzen\u00ed<\/li>\n<li>\u017deb\u0159\u00edk<\/li>\n<\/ul>\n<h2>Bezpe\u010dnost je u n\u00e1s na prvn\u00edm m\u00edst\u011b!<\/h2>\n<p>Konstrukce houpa\u010dky je navr\u017eena tak, aby zajistila maxim\u00e1ln\u00ed bezpe\u010dnost p\u0159i pou\u017e\u00edv\u00e1n\u00ed a h\u0159e. Hrany houpa\u010dky jsou dokonale zabrou\u0161eny, spojovac\u00ed materi\u00e1l zapu\u0161t\u011bn tak, aby nikde nevy\u010dn\u00edval. Kvalita a odolnost pou\u017eit\u00fdch materi\u00e1l\u016f zaji\u0161\u0165uj\u00ed pot\u0159ebnou stabilitu i extr\u00e9mn\u00edmu zat\u00ed\u017een\u00ed.<\/p>\n<h2><strong>U\u010d\u00edme na\u0161e d\u011bti.<\/strong><\/h2>\n<p>Houpa\u010dka slou\u017e\u00ed k balan\u010dn\u00edm hr\u00e1m a podporuje rozvoj motoriky. Motorick\u00fd v\u00fdvoj je proces, kter\u00fd je d\u016fle\u017eit\u00fd pro d\u011bti od \u00fatl\u00e9ho v\u011bku k u\u010den\u00ed se \u010d\u00edst, ps\u00e1t a spr\u00e1vn\u011b vn\u00edmat prostorovou orientaci a koordinaci o\u010d\u00ed a rukou. Montessori houpa\u010dka poskytne va\u0161emu d\u00edt\u011bti skv\u011blou z\u00e1bavu, podn\u00edt\u00ed nejen jeho fantazii a kreativitu, ale i tu Va\u0161\u00ed. Houpa\u010dka podporuje fyzickou aktivitu a t\u00edm zlep\u0161uje celkovou fyzickou kondici d\u00edt\u011bte.<\/p>\n<h3>Koup\u011b tohoto houpadla je v\u00fdborn\u00e1 investice do osobn\u00edho rozvoje a z\u00e1bavy va\u0161ich d\u011bt\u00ed!<\/h3>\n<h5>Vlastnosti:<\/h5>\n<p>Rozm\u011bry: 85 x 50 x 40 cm<br \/>\nV\u00e1ha: 3,7 kg, n\u00e1t\u011br pastelov\u00fdmi barvami<br \/>\nMateri\u00e1l proveden\u00ed: B\u0159ezov\u00e1 p\u0159ekli\u017eka jakost I., borovicov\u00fd masiv<br \/>\nV\u011bk: 1+<br \/>\nMaxim\u00e1ln\u00ed nosnost:\u00a0 50 kg<br \/>\nVelikost balen\u00ed: 87 x 52 x 10 cm<br \/>\nHmotnost s obalem:\u00a0 4,3 kg<br \/>\nPo\u010det p\u0159\u00ed\u010dek:\u00a0 11, Spojovac\u00ed materi\u00e1l: 22x<\/p>\n","protected":false},"excerpt":{"rendered":"<ul>\n<li>N\u00e1t\u011br p\u0159\u00ed\u010dek pastelov\u00fdmi barvami (nez\u00e1vadn\u00e9, hypoalergenn\u00ed)<\/li>\n<li>K dod\u00e1n\u00ed ihned<\/li>\n<li>Pro d\u011bti od 18 m\u011bs\u00edc\u016f<\/li>\n<li>Montessori prvek<\/li>\n<li>Materi\u00e1l: B\u0159ezov\u00e1 p\u0159ekli\u017eka 12mm a borovicov\u00fd masiv 20mm<\/li>\n<li>Nosnost 50kg<\/li>\n<li>Origin\u00e1ln\u00ed vlastn\u00ed \u010cESK\u00c1 v\u00fdroba<\/li>\n<li>Spl\u0148uje po\u017eadavky norem EN 71-1,2,3<\/li>\n<li>Certifik\u00e1t CE<\/li>\n<li><strong>Doprava: Velk\u00e1 z\u00e1silka<\/strong><\/li>\n<\/ul>\n","protected":false},"featured_media":244,"comment_status":"open","ping_status":"closed","template":"","meta":[],"product_brand":[],"product_cat":[15,16,23],"product_tag":[24,18,26,29,34,20,37],"class_list":{"0":"post-243","1":"product","2":"type-product","3":"status-publish","4":"has-post-thumbnail","6":"product_cat-houpadlo","7":"product_cat-hracky","8":"product_cat-montessori","9":"product_tag-bunkr","10":"product_tag-houpani","11":"product_tag-lenoseni","12":"product_tag-montessori","13":"product_tag-rozvoj","14":"product_tag-stabilita","15":"product_tag-vlastni-vyroba","16":"product_shipping_class-vd","18":"first","19":"instock","20":"shipping-taxable","21":"purchasable","22":"product-type-simple"},"jetpack_sharing_enabled":true,"_links":{"self":[{"href":"https:\/\/bavito.cz\/index.php?rest_route=\/wp\/v2\/product\/243","targetHints":{"allow":["GET"]}}],"collection":[{"href":"https:\/\/bavito.cz\/index.php?rest_route=\/wp\/v2\/product"}],"about":[{"href":"https:\/\/bavito.cz\/index.php?rest_route=\/wp\/v2\/types\/product"}],"replies":[{"embeddable":true,"href":"https:\/\/bavito.cz\/index.php?rest_route=%2Fwp%2Fv2%2Fcomments&post=243"}],"wp:featuredmedia":[{"embeddable":true,"href":"https:\/\/bavito.cz\/index.php?rest_route=\/wp\/v2\/media\/244"}],"wp:attachment":[{"href":"https:\/\/bavito.cz\/index.php?rest_route=%2Fwp%2Fv2%2Fmedia&parent=243"}],"wp:term":[{"taxonomy":"product_brand","embeddable":true,"href":"https:\/\/bavito.cz\/index.php?rest_route=%2Fwp%2Fv2%2Fproduct_brand&post=243"},{"taxonomy":"product_cat","embeddable":true,"href":"https:\/\/bavito.cz\/index.php?rest_route=%2Fwp%2Fv2%2Fproduct_cat&post=243"},{"taxonomy":"product_tag","embeddable":true,"href":"https:\/\/bavito.cz\/index.php?rest_route=%2Fwp%2Fv2%2Fproduct_tag&post=243"}],"curies":[{"name":"wp","href":"https:\/\/api.w.org\/{rel}","templated":true}]}}