{"id":188,"date":"2023-10-04T18:30:57","date_gmt":"2023-10-04T16:30:57","guid":{"rendered":"https:\/\/bavito.cz\/?post_type=product&#038;p=188"},"modified":"2023-11-24T13:40:11","modified_gmt":"2023-11-24T12:40:11","slug":"puzzle-drevene-zviratka","status":"publish","type":"product","link":"https:\/\/bavito.cz\/?product=puzzle-drevene-zviratka","title":{"rendered":"Puzzle d\u0159ev\u011bn\u00e9, zv\u00ed\u0159\u00e1tka"},"content":{"rendered":"<p>P\u0159edstavujeme na\u0161e d\u0159ev\u011bn\u00e9 puzzle se zv\u00ed\u0159\u00e1tky, kter\u00e9 uspokoj\u00ed nejednoho mal\u00e9ho technika, \u010di malou techni\u010dku. Puzzle je vyrobeno v\u00fdhradn\u011b ze d\u0159eva a nen\u00ed o\u0161et\u0159eno ani lakem, ani jin\u00fdmi barvami. Zv\u00ed\u0159\u00e1tkov\u00e9 puzzle ozdob\u00ed nejeden pokoji\u010dek a zabav\u00ed nejedno \u0161ikovn\u00e9 a manu\u00e1ln\u011b zru\u010dn\u00e9 d\u00edtko. D\u00edlky jsou um\u00edst\u011bn\u00e9 v podkladov\u00e9 desce, kter\u00e1 m\u00e1 vyfr\u00e9zovan\u00fd okraj tak, aby se zv\u00ed\u0159\u00e1tka lehce vkl\u00e1dala, z\u00e1rove\u0148 je puzzle navrhnuto tak, \u017ee ka\u017ed\u00e9 zv\u00ed\u0159\u00e1tko m\u00e1 sv\u00e9 m\u00edsto a v\u0161e do sebe mus\u00ed kr\u00e1sn\u011b zapadnout. Puzzle zapad\u00e1 do prvku <strong>Montessori<\/strong>, proto\u017ee u\u010d\u00ed d\u00edt\u011b motorick\u00fdm schopnostem a rozv\u00edj\u00ed jeho fantazii. Puzzle je nejlep\u0161\u00ed pro rozvoj jemn\u00e9 motoriky, zejm\u00e9na v koordinaci ruce-o\u010di.<\/p>\n<blockquote>\n<h2><strong>Miluje Va\u0161e d\u00edtko skl\u00e1d\u00e1n\u00ed? R\u00e1do skl\u00e1d\u00e1 kostky, \u010di lego? Tak toto puzzle je to prav\u00e9!<\/strong><\/h2>\n<\/blockquote>\n<p>Zv\u00ed\u0159\u00e1tkov\u00e9 puzzle pova\u017eujeme za jednoduch\u00e9 p\u0159i skl\u00e1d\u00e1n\u00ed. Mezery mezi zv\u00ed\u0159\u00e1tky jsou dostate\u010dn\u011b velk\u00e9, aby poskytovaly dobr\u00fd prostor pro manipulaci i pro nejmen\u0161\u00ed ru\u010di\u010dky. T\u00edm ned\u00e1v\u00e1me v tomto puzzle takov\u00fd d\u016fraz na p\u0159esnost, tak\u017ee skl\u00e1d\u00e1n\u00ed m\u016f\u017ee zkou\u0161et u\u017e ro\u010dn\u00ed d\u00edtko, kter\u00e9ho d\u00edlky se zv\u00ed\u0159\u00e1tky ur\u010dit\u011b zaujme \ud83d\ude42<\/p>\n<h2>Bezpe\u010dnost je u n\u00e1s na prvn\u00edm m\u00edst\u011b!<\/h2>\n<p>Konstrukce puzzle je navr\u017eena tak, aby zajistila maxim\u00e1ln\u00ed bezpe\u010dnost p\u0159i skl\u00e1d\u00e1n\u00ed. Hrany jsou dokonale zabrou\u0161eny. Kvalita a odolnost pou\u017eit\u00fdch materi\u00e1l\u016f je zaru\u010dena.<\/p>\n<h2><strong>U\u010d\u00edme na\u0161e d\u011bti.<\/strong><\/h2>\n<p>Skl\u00e1d\u00e1n\u00ed puzzle podporuje rozvoj motoriky a fantazie. Motorick\u00fd v\u00fdvoj je proces, kter\u00fd je d\u016fle\u017eit\u00fd pro d\u011bti od \u00fatl\u00e9ho v\u011bku k u\u010den\u00ed se \u010d\u00edst, ps\u00e1t a spr\u00e1vn\u011b vn\u00edmat prostorovou orientaci a koordinaci o\u010d\u00ed a rukou. Montessori puzzle poskytne va\u0161emu d\u00edt\u011bti v\u00fdbornou a vytrvalou z\u00e1bavu.<\/p>\n<h3>Koup\u00ed tohoto puzzle je v\u00fdborn\u00e1 investice do osobn\u00edho rozvoje a z\u00e1bavy va\u0161ich d\u011bt\u00ed!<\/h3>\n<h5>Vlastnosti:<\/h5>\n<p>Rozm\u011bry: 18,5 x 18,5 x 0,8 cm<br \/>\nV\u00e1ha: 0,25 kg<br \/>\nMateri\u00e1l proveden\u00ed: B\u0159ezov\u00e1 p\u0159ekli\u017eka jakost I.<br \/>\nV\u011bk: 14m+<br \/>\nVelikost balen\u00ed: 20 x 20 x 2 cm<br \/>\nHmotnost s obalem:\u00a0 0,4 kg<br \/>\nPo\u010det \u010d\u00e1st\u00ed: Podkladov\u00e1 deska, 5 zv\u00ed\u0159\u00e1tek<\/p>\n","protected":false},"excerpt":{"rendered":"<ul>\n<li>V p\u0159\u00edrodn\u00ed variant\u011b, to znamen\u00e1 bez lak\u016f a barev.<\/li>\n<li>K dod\u00e1n\u00ed ihned<\/li>\n<li>Pro d\u011bti od 14 m\u011bs\u00edc\u016f<\/li>\n<li>Montessori prvek<\/li>\n<li>Materi\u00e1l: B\u0159ezov\u00e1 p\u0159ekli\u017eka 8mm<\/li>\n<li>Origin\u00e1ln\u00ed vlastn\u00ed \u010cESK\u00c1 v\u00fdroba<\/li>\n<li>Spl\u0148uje po\u017eadavky norem EN 71-1,2,3<\/li>\n<li>Certifik\u00e1t CE<\/li>\n<\/ul>\n","protected":false},"featured_media":261,"comment_status":"open","ping_status":"closed","template":"","meta":[],"product_brand":[],"product_cat":[16,23,31],"product_tag":[29,33,34,32,37],"class_list":{"0":"post-188","1":"product","2":"type-product","3":"status-publish","4":"has-post-thumbnail","6":"product_cat-hracky","7":"product_cat-montessori","8":"product_cat-puzzle","9":"product_tag-montessori","10":"product_tag-premysleni","11":"product_tag-rozvoj","12":"product_tag-skladani","13":"product_tag-vlastni-vyroba","14":"product_shipping_class-md","16":"first","17":"instock","18":"sale","19":"shipping-taxable","20":"purchasable","21":"product-type-simple"},"jetpack_sharing_enabled":true,"_links":{"self":[{"href":"https:\/\/bavito.cz\/index.php?rest_route=\/wp\/v2\/product\/188","targetHints":{"allow":["GET"]}}],"collection":[{"href":"https:\/\/bavito.cz\/index.php?rest_route=\/wp\/v2\/product"}],"about":[{"href":"https:\/\/bavito.cz\/index.php?rest_route=\/wp\/v2\/types\/product"}],"replies":[{"embeddable":true,"href":"https:\/\/bavito.cz\/index.php?rest_route=%2Fwp%2Fv2%2Fcomments&post=188"}],"wp:featuredmedia":[{"embeddable":true,"href":"https:\/\/bavito.cz\/index.php?rest_route=\/wp\/v2\/media\/261"}],"wp:attachment":[{"href":"https:\/\/bavito.cz\/index.php?rest_route=%2Fwp%2Fv2%2Fmedia&parent=188"}],"wp:term":[{"taxonomy":"product_brand","embeddable":true,"href":"https:\/\/bavito.cz\/index.php?rest_route=%2Fwp%2Fv2%2Fproduct_brand&post=188"},{"taxonomy":"product_cat","embeddable":true,"href":"https:\/\/bavito.cz\/index.php?rest_route=%2Fwp%2Fv2%2Fproduct_cat&post=188"},{"taxonomy":"product_tag","embeddable":true,"href":"https:\/\/bavito.cz\/index.php?rest_route=%2Fwp%2Fv2%2Fproduct_tag&post=188"}],"curies":[{"name":"wp","href":"https:\/\/api.w.org\/{rel}","templated":true}]}}