{"id":88,"date":"2023-09-01T17:05:53","date_gmt":"2023-09-01T15:05:53","guid":{"rendered":"https:\/\/bavito.cz\/?page_id=88"},"modified":"2025-11-07T21:13:28","modified_gmt":"2025-11-07T20:13:28","slug":"kontakt","status":"publish","type":"page","link":"https:\/\/bavito.cz\/?page_id=88","title":{"rendered":"Kontakt"},"content":{"rendered":"\n<div class=\"wp-block-columns is-layout-flex wp-container-core-columns-is-layout-9d6595d7 wp-block-columns-is-layout-flex\">\n<div class=\"wp-block-column is-vertically-aligned-center is-layout-flow wp-block-column-is-layout-flow\">\n<div class=\"wp-block-columns are-vertically-aligned-top is-layout-flex wp-container-core-columns-is-layout-9d6595d7 wp-block-columns-is-layout-flex\">\n<div class=\"wp-block-column is-vertically-aligned-top is-layout-flow wp-block-column-is-layout-flow\">\n<h2 class=\"wp-block-heading\">Provozovatel:<\/h2>\n\n\n\n<p>TopTask Services s.r.o. &#8211; BAVITO.cz<sup>\u00ae<\/sup><\/p>\n\n\n\n<ul class=\"wp-block-list\">\n<li>S\u00eddlo: \u010d.p. 7, Bulovka, 464 01, \u010cR<\/li>\n\n\n\n<li>I\u010cO: <strong>04226411<\/strong><\/li>\n\n\n\n<li>DI\u010c: CZA04226411<\/li>\n\n\n\n<li>email: info@bavito.cz<\/li>\n\n\n\n<li>telefon: +420 723 779 395<\/li>\n<\/ul>\n<\/div>\n\n\n\n<div class=\"wp-block-column is-vertically-aligned-top is-layout-flow wp-block-column-is-layout-flow\">\n<h2 class=\"wp-block-heading\">Marketing, spr\u00e1va e-shopu:<\/h2>\n\n\n\n<p>Kontaktn\u00ed osoba &#8211; Luk\u00e1\u0161 \u010c\u00e1stek<\/p>\n\n\n\n<ul class=\"wp-block-list\">\n<li>S\u00eddlo: \u010d.p. 7, Bulovka, 464 01, \u010cR<\/li>\n\n\n\n<li>email: info@bavito.cz<\/li>\n\n\n\n<li>telefon: +420 723 779 395<\/li>\n<\/ul>\n<\/div>\n<\/div>\n<\/div>\n<\/div>\n\n\n\n<div style=\"height:20px\" aria-hidden=\"true\" class=\"wp-block-spacer\"><\/div>\n\n\n\n<h3 class=\"wp-block-heading has-text-align-center\">Autorsk\u00e9 pr\u00e1vo<\/h3>\n\n\n\n<p>Ve\u0161ker\u00fd obsah Bavito.cz (Bavito.eu) internetov\u00fdch str\u00e1nek v\u010detn\u011b v\u0161ech subdom\u00e9n, text\u016f, designu, technick\u00fdch n\u00e1kres\u016f, grafiky, fotografi\u00ed a dal\u0161\u00edch soubor\u016f je chr\u00e1n\u011bn autorsk\u00fdm pr\u00e1vem. Autorsk\u00fd z\u00e1kon (z\u00e1kon \u010d. 121\/2000 Sb., o pr\u00e1vu autorsk\u00e9m). Internetov\u00e9 str\u00e1nky i jejich obsah lze u\u017e\u00edvat v\u00fdhradn\u011b pro osobn\u00ed a nekomer\u010dn\u00ed \u00fa\u010dely. Jak\u00e9koliv u\u017eit\u00ed internetov\u00fdch str\u00e1nek i jejich obsahu jinak ne\u017e pro osobn\u00ed pot\u0159ebu, (\u0161\u00ed\u0159en\u00ed, uchov\u00e1v\u00e1n\u00ed, kop\u00edrov\u00e1n\u00ed, zpracov\u00e1v\u00e1n\u00ed aj.) je zak\u00e1z\u00e1no.<\/p>\n\n\n\n<p>Pro p\u0159\u00edpady, m\u00e1te-li z\u00e1jem o jin\u00e9 u\u017eit\u00ed t\u011bchto internetov\u00fdch str\u00e1nek, nebo jejich obsahu, ne\u017e jen jejich prohl\u00ed\u017een\u00ed a \u010derp\u00e1n\u00ed informac\u00ed, obra\u0165te se na provozovatele t\u011bchto str\u00e1nek viz v\u00fd\u0161e.<\/p>\n\n\n<div class=\"wp-block-image\">\n<figure class=\"aligncenter size-full\"><img loading=\"lazy\" decoding=\"async\" width=\"125\" height=\"109\" src=\"https:\/\/bavito.cz\/wp-content\/uploads\/2023\/09\/Bavito_hrad_33pro_color.png\" alt=\"\" class=\"wp-image-91\"\/><\/figure>\n<\/div>\n\n\n<h3 class=\"wp-block-heading\">Napi\u0161te n\u00e1m:<\/h3>\n\n\n<div class=\"wpforms-container wpforms-container-full wpforms-block wpforms-block-0c3b9dd3-9f5a-4e15-8a62-316551402360 wpforms-render-modern\" id=\"wpforms-93\"><form id=\"wpforms-form-93\" class=\"wpforms-validate wpforms-form wpforms-ajax-form\" data-formid=\"93\" method=\"post\" enctype=\"multipart\/form-data\" action=\"\/index.php?rest_route=%2Fwp%2Fv2%2Fpages%2F88\" data-token=\"277e901101b83815b5e5959817cc3494\" data-token-time=\"1775773542\"><noscript class=\"wpforms-error-noscript\">Chcete-li vyplnit tento formul\u00e1\u0159, pros\u00edm povolte v prohl\u00ed\u017ee\u010di JavaScript.<\/noscript><div id=\"wpforms-error-noscript\" style=\"display: none;\">Chcete-li vyplnit tento formul\u00e1\u0159, pros\u00edm povolte v prohl\u00ed\u017ee\u010di JavaScript.<\/div><div class=\"wpforms-field-container\"><div id=\"wpforms-93-field_0-container\" class=\"wpforms-field wpforms-field-name\" data-field-id=\"0\"><fieldset><legend class=\"wpforms-field-label\">Jm\u00e9no <span class=\"wpforms-required-label\" aria-hidden=\"true\">*<\/span><\/legend><div class=\"wpforms-field-row wpforms-field-medium\"><div class=\"wpforms-field-row-block wpforms-first wpforms-one-half\"><input type=\"text\" id=\"wpforms-93-field_0\" class=\"wpforms-field-name-first wpforms-field-required\" name=\"wpforms[fields][0][first]\" aria-errormessage=\"wpforms-93-field_0-error\" required><label for=\"wpforms-93-field_0\" class=\"wpforms-field-sublabel after\">K\u0159estn\u00ed jm\u00e9no<\/label><\/div><div class=\"wpforms-field-row-block wpforms-one-half\"><input type=\"text\" id=\"wpforms-93-field_0-last\" class=\"wpforms-field-name-last wpforms-field-required\" name=\"wpforms[fields][0][last]\" aria-errormessage=\"wpforms-93-field_0-last-error\" required><label for=\"wpforms-93-field_0-last\" class=\"wpforms-field-sublabel after\">P\u0159\u00edjmen\u00ed<\/label><\/div><\/div><\/fieldset><\/div><div id=\"wpforms-93-field_1-container\" class=\"wpforms-field wpforms-field-email\" data-field-id=\"1\"><label class=\"wpforms-field-label\" for=\"wpforms-93-field_1\">E-mail <span class=\"wpforms-required-label\" aria-hidden=\"true\">*<\/span><\/label><input type=\"email\" id=\"wpforms-93-field_1\" class=\"wpforms-field-medium wpforms-field-required\" name=\"wpforms[fields][1]\" spellcheck=\"false\" aria-errormessage=\"wpforms-93-field_1-error\" aria-describedby=\"wpforms-93-field_1-description\" required><div id=\"wpforms-93-field_1-description\" class=\"wpforms-field-description\">Zadejte Va\u0161\u00ed adresu, na kterou budeme odpov\u00eddat<\/div><\/div><div id=\"wpforms-93-field_2-container\" class=\"wpforms-field wpforms-field-textarea\" data-field-id=\"2\"><label class=\"wpforms-field-label\" for=\"wpforms-93-field_2\">Koment\u00e1\u0159 nebo zpr\u00e1va <span class=\"wpforms-required-label\" aria-hidden=\"true\">*<\/span><\/label><textarea id=\"wpforms-93-field_2\" class=\"wpforms-field-medium wpforms-field-required\" name=\"wpforms[fields][2]\" placeholder=\"Tady napi\u0161te sv\u016fj dotaz\" aria-errormessage=\"wpforms-93-field_2-error\" required><\/textarea><\/div><\/div><!-- .wpforms-field-container --><div class=\"wpforms-submit-container\" ><input type=\"hidden\" name=\"wpforms[id]\" value=\"93\"><input type=\"hidden\" name=\"page_title\" value=\"\"><input type=\"hidden\" name=\"page_url\" value=\"https:\/\/bavito.cz\/index.php?rest_route=\/wp\/v2\/pages\/88\"><input type=\"hidden\" name=\"url_referer\" value=\"\"><button type=\"submit\" name=\"wpforms[submit]\" id=\"wpforms-submit-93\" class=\"wpforms-submit\" data-alt-text=\"Odes\u00edl\u00e1ni...\" data-submit-text=\"Odeslat\" aria-live=\"assertive\" value=\"wpforms-submit\">Odeslat<\/button><img loading=\"lazy\" decoding=\"async\" src=\"https:\/\/bavito.cz\/wp-content\/plugins\/wpforms-lite\/assets\/images\/submit-spin.svg\" class=\"wpforms-submit-spinner\" style=\"display: none;\" width=\"26\" height=\"26\" alt=\"Na\u010d\u00edt\u00e1n\u00ed\"><\/div><\/form><\/div>  <!-- .wpforms-container -->","protected":false},"excerpt":{"rendered":"<p>Provozovatel: TopTask Services s.r.o. &#8211; BAVITO.cz\u00ae Marketing, spr\u00e1va e-shopu: Kontaktn\u00ed osoba &#8211; Luk\u00e1\u0161 \u010c\u00e1stek Autorsk\u00e9 pr\u00e1vo Ve\u0161ker\u00fd obsah Bavito.cz (Bavito.eu) internetov\u00fdch str\u00e1nek v\u010detn\u011b v\u0161ech subdom\u00e9n, text\u016f, designu, technick\u00fdch n\u00e1kres\u016f, grafiky, fotografi\u00ed a dal\u0161\u00edch soubor\u016f je chr\u00e1n\u011bn autorsk\u00fdm pr\u00e1vem. Autorsk\u00fd z\u00e1kon (z\u00e1kon \u010d. 121\/2000 Sb., o pr\u00e1vu autorsk\u00e9m). Internetov\u00e9 str\u00e1nky i jejich obsah lze u\u017e\u00edvat v\u00fdhradn\u011b [&hellip;]<\/p>\n","protected":false},"author":1,"featured_media":0,"parent":0,"menu_order":0,"comment_status":"closed","ping_status":"closed","template":"","meta":{"footnotes":""},"class_list":["post-88","page","type-page","status-publish","hentry"],"jetpack_sharing_enabled":true,"_links":{"self":[{"href":"https:\/\/bavito.cz\/index.php?rest_route=\/wp\/v2\/pages\/88","targetHints":{"allow":["GET"]}}],"collection":[{"href":"https:\/\/bavito.cz\/index.php?rest_route=\/wp\/v2\/pages"}],"about":[{"href":"https:\/\/bavito.cz\/index.php?rest_route=\/wp\/v2\/types\/page"}],"author":[{"embeddable":true,"href":"https:\/\/bavito.cz\/index.php?rest_route=\/wp\/v2\/users\/1"}],"replies":[{"embeddable":true,"href":"https:\/\/bavito.cz\/index.php?rest_route=%2Fwp%2Fv2%2Fcomments&post=88"}],"version-history":[{"count":11,"href":"https:\/\/bavito.cz\/index.php?rest_route=\/wp\/v2\/pages\/88\/revisions"}],"predecessor-version":[{"id":504,"href":"https:\/\/bavito.cz\/index.php?rest_route=\/wp\/v2\/pages\/88\/revisions\/504"}],"wp:attachment":[{"href":"https:\/\/bavito.cz\/index.php?rest_route=%2Fwp%2Fv2%2Fmedia&parent=88"}],"curies":[{"name":"wp","href":"https:\/\/api.w.org\/{rel}","templated":true}]}}