{"id":64,"date":"2023-09-01T15:20:29","date_gmt":"2023-09-01T13:20:29","guid":{"rendered":"https:\/\/bavito.cz\/?page_id=64"},"modified":"2025-11-07T21:20:47","modified_gmt":"2025-11-07T20:20:47","slug":"platby","status":"publish","type":"page","link":"https:\/\/bavito.cz\/?page_id=64","title":{"rendered":"Platby"},"content":{"rendered":"\n<h2 class=\"wp-block-heading\"><strong>Druhy plateb na Bavito.cz<\/strong><\/h2>\n\n\n\n<div style=\"height:19px\" aria-hidden=\"true\" class=\"wp-block-spacer\"><\/div>\n\n\n\n<h3 class=\"wp-block-heading\">Platba bankovn\u00edm p\u0159evodem ZDARMA (doporu\u010dujeme)<\/h3>\n\n\n\n<ul class=\"wp-block-list\">\n<li>Vy\u0159\u00edzen\u00ed objedn\u00e1vky z\u00e1vis\u00ed na p\u0159ijet\u00ed platby na n\u00e1\u0161 \u00fa\u010det, to <strong>m\u016f\u017ee<\/strong> trvat a\u017e 2 dny. B\u011b\u017en\u011b ale banky p\u0159ev\u00e1d\u00ed pen\u00edze ihned, pokud um\u00ed Va\u0161e bankovnictv\u00ed tzv. &#8222;okam\u017eit\u00fd p\u0159\u00edkaz, okam\u017eit\u00fd p\u0159evod, nebo okam\u017eitou platbu&#8220;.<\/li>\n\n\n\n<li>Informace k platb\u011b za zakoupen\u00e9 zbo\u017e\u00ed naleznete v e-mailov\u00e9 zpr\u00e1v\u011b, kter\u00e1 dojde ihned po objedn\u00e1n\u00ed zbo\u017e\u00ed.<\/li>\n\n\n\n<li>Platba Google Pay i Apple Pay ZDARMA<\/li>\n\n\n\n<li>Nejrychlej\u0161\u00ed a nejbezpe\u010dn\u011bj\u0161\u00ed zp\u016fsob platby bez zbyte\u010dn\u00fdch poplatk\u016f.<\/li>\n\n\n\n<li>Platbu zprost\u0159edkov\u00e1vaj\u00ed spole\u010dnosti Apple a Google a va\u0161e platebn\u00ed \u00fadaje jsou \u0161ifrovan\u00e9, tedy v naprost\u00e9m bezpe\u010d\u00ed.<\/li>\n\n\n\n<li>Technologie Apple Pay a Google Pay zabezpe\u010duj\u00ed Va\u0161e platby pomoc\u00ed z\u00e1mk\u016f va\u0161eho chytr\u00e9ho telefonu, b\u011b\u017en\u011b otiskem prstu.<\/li>\n<\/ul>\n\n\n\n<h3 class=\"wp-block-heading\">Platba kartou online ZDARMA<\/h3>\n\n\n\n<ul class=\"wp-block-list\">\n<li>Rychl\u00fd a bezpe\u010dn\u00fd zp\u016fsob platby bez zbyte\u010dn\u00fdch poplatk\u016f.<\/li>\n\n\n\n<li>Platbu zprost\u0159edkov\u00e1v\u00e1 bezpe\u010dn\u00e1 platebn\u00ed br\u00e1na PayPal a va\u0161e platebn\u00ed \u00fadaje jsou \u0161ifrovan\u00e9, tedy v naprost\u00e9m bezpe\u010d\u00ed. V\u00edce informac\u00ed na <a href=\"https:\/\/www.paypal.com\/cz\/webapps\/mpp\/paypal-safety-and-security\">PayPal<\/a>, v \u010de\u0161tin\u011b.<\/li>\n\n\n\n<li>Technologie PayPal chr\u00e1n\u00ed platbu kupuj\u00edc\u00edho i po dod\u00e1n\u00ed zbo\u017e\u00ed.<\/li>\n<\/ul>\n\n\n\n<h3 class=\"wp-block-heading\">Platba na dob\u00edrku (poplatek 40 K\u010d)<\/h3>\n\n\n\n<ul class=\"wp-block-list\">\n<li>Platbu za objedn\u00e1vku zaplat\u00edte p\u0159\u00edmo p\u0159epravci p\u0159i jej\u00ed doru\u010den\u00ed.<\/li>\n\n\n\n<li>\u010cast\u00e1 volba opatrn\u011bj\u0161\u00edch z\u00e1kazn\u00edk\u016f, ale chceme v\u00e1s ujistit, \u017ee jsme slu\u0161n\u00fd, stabiln\u00ed a d\u016fv\u011bryhodn\u00fd obchod, proto vyu\u017e\u00edv\u00e1me mo\u017enosti v\u00fd\u0161e zabezpe\u010den\u00fdch plateb pro va\u0161e jistoty b\u011bhem placen\u00ed.<\/li>\n\n\n\n<li>Pokud nem\u00e1te bankovn\u00ed \u00fa\u010det nebo i p\u0159es na\u0161e uji\u0161t\u011bn\u00ed trv\u00e1te na dod\u00e1n\u00ed zbo\u017e\u00ed na dob\u00edrku, vyberte tuto mo\u017enost na str\u00e1nce &#8222;Pokladna&#8220; p\u0159i v\u00fdb\u011bru platby. Vemte na v\u011bdom\u00ed, \u017ee dob\u00edrku nelze sjednat ke zbo\u017e\u00ed, kter\u00e9 zad\u00e1v\u00e1me do v\u00fdroby na objedn\u00e1vku.<\/li>\n<\/ul>\n\n\n\n<p class=\"has-text-align-right\">Bulovka, dne 1.6.2023<\/p>\n","protected":false},"excerpt":{"rendered":"<p>Druhy plateb na Bavito.cz Platba bankovn\u00edm p\u0159evodem ZDARMA (doporu\u010dujeme) Platba kartou online ZDARMA Platba na dob\u00edrku (poplatek 40 K\u010d) Bulovka, dne 1.6.2023<\/p>\n","protected":false},"author":1,"featured_media":0,"parent":0,"menu_order":0,"comment_status":"closed","ping_status":"closed","template":"","meta":{"footnotes":""},"class_list":["post-64","page","type-page","status-publish","hentry"],"jetpack_sharing_enabled":true,"_links":{"self":[{"href":"https:\/\/bavito.cz\/index.php?rest_route=\/wp\/v2\/pages\/64","targetHints":{"allow":["GET"]}}],"collection":[{"href":"https:\/\/bavito.cz\/index.php?rest_route=\/wp\/v2\/pages"}],"about":[{"href":"https:\/\/bavito.cz\/index.php?rest_route=\/wp\/v2\/types\/page"}],"author":[{"embeddable":true,"href":"https:\/\/bavito.cz\/index.php?rest_route=\/wp\/v2\/users\/1"}],"replies":[{"embeddable":true,"href":"https:\/\/bavito.cz\/index.php?rest_route=%2Fwp%2Fv2%2Fcomments&post=64"}],"version-history":[{"count":8,"href":"https:\/\/bavito.cz\/index.php?rest_route=\/wp\/v2\/pages\/64\/revisions"}],"predecessor-version":[{"id":506,"href":"https:\/\/bavito.cz\/index.php?rest_route=\/wp\/v2\/pages\/64\/revisions\/506"}],"wp:attachment":[{"href":"https:\/\/bavito.cz\/index.php?rest_route=%2Fwp%2Fv2%2Fmedia&parent=64"}],"curies":[{"name":"wp","href":"https:\/\/api.w.org\/{rel}","templated":true}]}}