{"id":296,"date":"2023-11-24T13:06:22","date_gmt":"2023-11-24T12:06:22","guid":{"rendered":"https:\/\/bavito.cz\/?page_id=296"},"modified":"2024-04-25T14:01:02","modified_gmt":"2024-04-25T12:01:02","slug":"doprava","status":"publish","type":"page","link":"https:\/\/bavito.cz\/?page_id=296","title":{"rendered":"Mo\u017enosti dopravy"},"content":{"rendered":"<div class=\"wp-block-image\">\n<figure class=\"aligncenter size-full\"><img loading=\"lazy\" decoding=\"async\" width=\"750\" height=\"150\" src=\"https:\/\/bavito.cz\/wp-content\/uploads\/2023\/11\/dopravci.png\" alt=\"\" class=\"wp-image-314\" srcset=\"https:\/\/bavito.cz\/wp-content\/uploads\/2023\/11\/dopravci.png 750w, https:\/\/bavito.cz\/wp-content\/uploads\/2023\/11\/dopravci-300x60.png 300w, https:\/\/bavito.cz\/wp-content\/uploads\/2023\/11\/dopravci-600x120.png 600w\" sizes=\"auto, (max-width: 750px) 100vw, 750px\" \/><\/figure>\n<\/div>\n\n\n<hr class=\"wp-block-separator has-alpha-channel-opacity\"\/>\n\n\n\n<p class=\"has-text-align-center\">Po zakoupen\u00ed zbo\u017e\u00ed v obchod\u011b BAVITO.cz m\u00e1te mo\u017enost vybrat z n\u011bkolika variant dopravy.<\/p>\n\n\n\n<figure class=\"wp-block-image size-full\"><img loading=\"lazy\" decoding=\"async\" width=\"600\" height=\"75\" src=\"http:\/\/bavito.cz\/wp-content\/uploads\/2023\/09\/pikt_doprava-zdarma.png\" alt=\"\" class=\"wp-image-371\" srcset=\"https:\/\/bavito.cz\/wp-content\/uploads\/2023\/09\/pikt_doprava-zdarma.png 600w, https:\/\/bavito.cz\/wp-content\/uploads\/2023\/09\/pikt_doprava-zdarma-300x38.png 300w\" sizes=\"auto, (max-width: 600px) 100vw, 600px\" \/><\/figure>\n\n\n\n<h4 class=\"wp-block-heading\">Osobn\u00ed vyzvednut\u00ed<\/h4>\n\n\n\n<p>V p\u0159\u00edpad\u011b, jste-li m\u00edstn\u00ed, nebo jste pobl\u00ed\u017e u n\u011bkoho na pr\u00e1zdnin\u00e1ch, \u010di v Jizerk\u00e1ch na dovolen\u00e9, m\u016f\u017eete objednan\u00e9 zbo\u017e\u00ed vyzvednout osobn\u011b. Osobn\u00ed vyzvednut\u00ed se zobraz\u00ed pouze v p\u0159\u00edpad\u011b, budete-li pobl\u00ed\u017e na\u0161emu s\u00eddlu (\u0159\u00edd\u00ed se podle PS\u010c). Pokud jste tu pouze na chv\u00edli (zn\u00e1m\u00ed, dovolen\u00e1 apod.) proto\u017ee nejste m\u00edstn\u00ed a p\u0159esto m\u00e1te z\u00e1jem o osobn\u00ed vyzvednut\u00ed, pou\u017eijte z\u00e1lo\u017eku zad\u00e1n\u00ed odli\u0161n\u00e9 doru\u010dovac\u00ed adresy. M\u011bli byste zadat s\u00eddlo na\u0161eho obchodu, nebo adresu Va\u0161eho kr\u00e1tkodob\u00e9ho pobytu.<\/p>\n\n\n\n<h4 class=\"wp-block-heading\">BAVITO.cz KUR\u00ddR<\/h4>\n\n\n\n<p>Je speci\u00e1ln\u00ed, ale z\u00e1rove\u0148 omezen\u00fd druh dopravy, kter\u00fd plat\u00ed pouze pro klienty v okresech Liberec a Jablonec nad Nisou. Zakoupen\u00e9 zbo\u017e\u00ed V\u00e1m v p\u0159\u00edpad\u011b v\u00fdb\u011bru t\u00e9to dopravy doru\u010d\u00ed n\u00e1\u0161 pracovn\u00edk. Za zbo\u017e\u00ed m\u016f\u017eete zaplatit p\u0159edem z dostupn\u00fdch mo\u017enost\u00ed, nebo m\u016f\u017eete za zakoupen\u00e9 zbo\u017e\u00ed zaplatit v hotovosti BAVITO.cz pracovn\u00edkovi. Ten V\u00e1m m\u016f\u017ee na m\u00edst\u011b vygenerovat i QR k\u00f3d pro platbu p\u0159evodem na n\u00e1\u0161 \u00fa\u010det. Z\u00e1vozy objedn\u00e1vek jsou uskute\u010d\u0148ov\u00e1ny zpravidla 2x do t\u00fddne.<strong> V\u00fdhoda v p\u0159edv\u00e1no\u010dn\u00edm \u010dase, proto\u017ee skladov\u00e9 zbo\u017e\u00ed objednan\u00e9 do 22.12.2024 garantujeme BAVITO.cz KUR\u00ddREM doru\u010den\u00ed v pond\u011bl\u00ed 23.12.2024!<\/strong><\/p>\n\n\n\n<h4 class=\"wp-block-heading\">\u010cesk\u00e1 po\u0161ta, s.p.<\/h4>\n\n\n\n<p>Doru\u010den\u00ed prost\u0159ednictv\u00edm \u010cesk\u00e9 po\u0161ty p\u0159\u00edmo na Va\u0161\u00ed adresu (Bal\u00edk do ruky). U tohoto typu dopravy lze vybrat i platbu dob\u00edrkou.<\/p>\n\n\n\n<h4 class=\"wp-block-heading\">Dopravu vybere BAVITO.cz<\/h4>\n\n\n\n<p>V z\u00e1vislosti na velikosti objedn\u00e1vky vybereme jednoho z na\u0161ich logistick\u00fdch partner\u016f (\u010cesk\u00e1 po\u0161ta, s.p., Bal\u00edkovna, Z\u00e1silkovna, PPL nebo BAVITO.cz KUR\u00ddR). Doru\u010den\u00ed zakoupen\u00e9ho zbo\u017e\u00ed t\u00edmto zp\u016fsobem je t\u00e9m\u011b\u0159 v ka\u017ed\u00e9m p\u0159\u00edpad\u011b na v\u00fddejn\u00ed m\u00edsta na\u0161ich partner\u016f. V\u00fdb\u011br v\u00fddejn\u00edho m\u00edsta se \u0159\u00edd\u00ed nejkrat\u0161\u00ed vzd\u00e1lenost\u00ed od V\u00e1mi zadan\u00e9 faktura\u010dn\u00ed (nebo dodac\u00ed) adresy, abyste vzd\u00e1lenost pro vyzvednut\u00ed zbo\u017e\u00ed m\u011bli co nejpohodln\u011bj\u0161\u00ed. M\u00e1te-li ov\u0161em p\u0159\u00e1n\u00ed, ohledn\u011b konkr\u00e9tn\u00edho v\u00fddejn\u00edho m\u00edsta, sd\u011blte n\u00e1m tuto informaci p\u0159ed potvrzen\u00edm objedn\u00e1vky pozn\u00e1mkou k objedn\u00e1vce a my se pokus\u00edme Va\u0161e p\u0159\u00e1n\u00ed zohlednit.<\/p>\n\n\n\n<p><strong>!!<\/strong> Berte v potaz, \u017ee ne ka\u017ed\u00e1 objedn\u00e1vka lze poslat prost\u0159ednictv\u00edm Bal\u00edkovny, nebo Z\u00e1silkovny. Tyto p\u0159epravn\u00ed slu\u017eby jsou ur\u010deny zejm\u00e9na pro objedn\u00e1vky men\u0161\u00edch rozm\u011br\u016f.<\/p>\n\n\n\n<p><strong>!!<\/strong> Vhodnou dopravu vyb\u00edr\u00e1me na z\u00e1klad\u011b celkov\u00e9 velikosti, nejv\u011bt\u0161\u00edho rozm\u011bru a v\u00e1hy celkov\u00e9 objedn\u00e1vky. Vyjde-li v\u00fdhodn\u011bji doru\u010den\u00ed na adresu, vol\u00edme tuto variantu, pokud si nebudete p\u0159\u00e1t v\u00fdslovn\u011b jinak.<\/p>\n\n\n\n<p><strong>!!<\/strong> Ve velmi ojedin\u011bl\u00fdch p\u0159\u00edpadech m\u016f\u017ee doj\u00edt k doru\u010den\u00ed objedn\u00e1vky prost\u0159ednictv\u00edm BAVITO.cz KUR\u00ddRem i mimo vymezen\u00fd region. V takov\u00e9m p\u0159\u00edpad\u011b se jedn\u00e1 o doru\u010den\u00ed p\u0159\u00edmo na V\u00e1mi zadanou adresu (faktura\u010dn\u00ed, nebo dodac\u00ed).<\/p>\n\n\n\n<figure class=\"wp-block-table\"><table><tbody><tr><td><\/td><td class=\"has-text-align-center\" data-align=\"center\"><strong>Okresy JN + LB<\/strong><\/td><td class=\"has-text-align-center\" data-align=\"center\"><strong>\u010cR<\/strong><\/td><td class=\"has-text-align-center\" data-align=\"center\"><strong>Dob\u00edrka<\/strong><\/td><\/tr><tr><td><strong>Osobn\u00ed vyzvednut\u00ed<\/strong><\/td><td class=\"has-text-align-center\" data-align=\"center\">0,-<\/td><td class=\"has-text-align-center\" data-align=\"center\">x<\/td><td class=\"has-text-align-center\" data-align=\"center\">x<\/td><\/tr><tr><td><strong>BAVITO.cz KUR\u00ddR<\/strong><\/td><td class=\"has-text-align-center\" data-align=\"center\">65,-<\/td><td class=\"has-text-align-center\" data-align=\"center\">x<\/td><td class=\"has-text-align-center\" data-align=\"center\">0,-<\/td><\/tr><tr><td><strong>\u010cesk\u00e1 po\u0161ta, s.p.<\/strong><\/td><td class=\"has-text-align-center\" data-align=\"center\">129,- \/ 229,-<\/td><td class=\"has-text-align-center\" data-align=\"center\">129,- \/ 229,-<\/td><td class=\"has-text-align-center\" data-align=\"center\">169,- \/ 269,-<\/td><\/tr><tr><td><strong>Dopravu vybere BAVITO.cz<\/strong><\/td><td class=\"has-text-align-center\" data-align=\"center\">79,- \/ 179,-<\/td><td class=\"has-text-align-center\" data-align=\"center\">79,- \/ 179,-<\/td><td class=\"has-text-align-center\" data-align=\"center\">119,- \/ 219,-<\/td><\/tr><\/tbody><\/table><figcaption class=\"wp-element-caption\"><em>Dvoj\u00ed ceny znamenaj\u00ed t\u0159\u00eddu dopravy (mal\u00e9 rozm\u011bry \/ velk\u00e9 rozm\u011bry) objedn\u00e1vky<\/em>.<\/figcaption><\/figure>\n\n\n\n<p class=\"has-text-align-right\">v Bulovce, 25.4.2024<\/p>\n","protected":false},"excerpt":{"rendered":"<p>Po zakoupen\u00ed zbo\u017e\u00ed v obchod\u011b BAVITO.cz m\u00e1te mo\u017enost vybrat z n\u011bkolika variant dopravy. Osobn\u00ed vyzvednut\u00ed V p\u0159\u00edpad\u011b, jste-li m\u00edstn\u00ed, nebo jste pobl\u00ed\u017e u n\u011bkoho na pr\u00e1zdnin\u00e1ch, \u010di v Jizerk\u00e1ch na dovolen\u00e9, m\u016f\u017eete objednan\u00e9 zbo\u017e\u00ed vyzvednout osobn\u011b. Osobn\u00ed vyzvednut\u00ed se zobraz\u00ed pouze v p\u0159\u00edpad\u011b, budete-li pobl\u00ed\u017e na\u0161emu s\u00eddlu (\u0159\u00edd\u00ed se podle PS\u010c). Pokud jste tu pouze [&hellip;]<\/p>\n","protected":false},"author":1,"featured_media":0,"parent":0,"menu_order":0,"comment_status":"closed","ping_status":"closed","template":"","meta":{"footnotes":""},"class_list":["post-296","page","type-page","status-publish","hentry"],"jetpack_sharing_enabled":true,"_links":{"self":[{"href":"https:\/\/bavito.cz\/index.php?rest_route=\/wp\/v2\/pages\/296","targetHints":{"allow":["GET"]}}],"collection":[{"href":"https:\/\/bavito.cz\/index.php?rest_route=\/wp\/v2\/pages"}],"about":[{"href":"https:\/\/bavito.cz\/index.php?rest_route=\/wp\/v2\/types\/page"}],"author":[{"embeddable":true,"href":"https:\/\/bavito.cz\/index.php?rest_route=\/wp\/v2\/users\/1"}],"replies":[{"embeddable":true,"href":"https:\/\/bavito.cz\/index.php?rest_route=%2Fwp%2Fv2%2Fcomments&post=296"}],"version-history":[{"count":13,"href":"https:\/\/bavito.cz\/index.php?rest_route=\/wp\/v2\/pages\/296\/revisions"}],"predecessor-version":[{"id":438,"href":"https:\/\/bavito.cz\/index.php?rest_route=\/wp\/v2\/pages\/296\/revisions\/438"}],"wp:attachment":[{"href":"https:\/\/bavito.cz\/index.php?rest_route=%2Fwp%2Fv2%2Fmedia&parent=296"}],"curies":[{"name":"wp","href":"https:\/\/api.w.org\/{rel}","templated":true}]}}