{"id":144,"date":"2023-10-03T16:08:03","date_gmt":"2023-10-03T14:08:03","guid":{"rendered":"https:\/\/bavito.cz\/?post_type=product&#038;p=144"},"modified":"2024-04-25T13:40:48","modified_gmt":"2024-04-25T11:40:48","slug":"dreveny-houpaci-slon-skladany-prirodni","status":"publish","type":"product","link":"http:\/\/bavito.cz\/?product=dreveny-houpaci-slon-skladany-prirodni","title":{"rendered":"D\u0159ev\u011bn\u00fd houpac\u00ed slon, skl\u00e1dan\u00fd, p\u0159\u00edrodn\u00ed"},"content":{"rendered":"<p>P\u0159edstavujeme na\u0161eho d\u0159ev\u011bn\u00e9ho houpac\u00edho slona, kter\u00fd uspokoj\u00ed tolik pot\u0159ebn\u00e9 d\u011btsk\u00e9 radov\u00e1nky. Slon je vyroben v\u00fdhradn\u011b ze d\u0159eva a pokud preferujete p\u0159\u00edrodn\u00ed materi\u00e1ly, vyzdob\u00ed pr\u00e1v\u011b ten v\u00e1\u0161 d\u011btsk\u00fd pokoj\u00edk. Je skl\u00e1dateln\u00fd a cel\u00e1 sestava obsahuje pouze jedin\u00fd \u0161roubek (k sed\u00e1tku &#8211; bezpe\u010dnost), nenajdete h\u0159eb\u00ed\u010dek a nepot\u0159ebuje lepidlo. Ka\u017ed\u00e1 jednotliv\u00e1 \u010d\u00e1st do sebe tak p\u0159esn\u011b zapad\u00e1, \u017ee dohromady vytv\u00e1\u0159\u00ed ucelen\u00e9ho a velmi pevn\u00e9ho houpac\u00edho slona, kter\u00fd unese i dosp\u011bl\u00e9ho \u010dlov\u011bka. Slon zapad\u00e1 do prvku <strong>Montessori<\/strong>, proto\u017ee u\u010d\u00ed d\u00edt\u011b motorick\u00fdm schopnostem, dr\u017een\u00ed t\u011bla a houp\u00e1n\u00edm d\u00edtko z\u00edsk\u00e1v\u00e1 pot\u0159ebnou rovnov\u00e1hu.<\/p>\n<blockquote>\n<h2><strong>Miluje Va\u0161e d\u00edtko houpav\u00fd pohyb? Vyhled\u00e1v\u00e1 p\u0159i ka\u017ed\u00e9 proch\u00e1zce venku houpa\u010dky? Tak to kouk\u00e1te na spr\u00e1vnou v\u011bc!<\/strong><\/h2>\n<\/blockquote>\n<p>Slona dod\u00e1v\u00e1me v rozlo\u017een\u00e9m stavu. Slo\u017een\u00ed je jednoduch\u00e9 a zvl\u00e1dne ho ka\u017ed\u00fd dosp\u011bl\u00fd! Ke skl\u00e1d\u00e1n\u00ed m\u016f\u017eeme pou\u017e\u00edt gumovou pali\u010dku, nikoli klad\u00edvko!<\/p>\n<ol>\n<li>\u00a0Do t\u011bla slona zalo\u017e\u00edme jeho nohy, nel\u00edcujeme na t\u011bsno.<\/li>\n<li>\u00a0Tuto slo\u017eenou \u010d\u00e1st zasuneme nohama slona do houpac\u00edch nohou, l\u00edcujeme na t\u011bsno postupn\u011b.<\/li>\n<li>\u00a0Takto slo\u017een\u00fd komplet zpevn\u00edme ve \u0161esti v\u0161ech m\u00edstech (sl\u00edcujeme).<\/li>\n<li>\u00a0Nasad\u00edme u\u0161i slona (mad\u00fdlka), pevn\u011b zasuneme (sl\u00edcujeme).<\/li>\n<li>\u00a0Po upevn\u011bn\u00ed hlavy nasuneme do hlavy seda\u010dku tak, aby le\u017eela na t\u011blu slona.<\/li>\n<li>\u00a0Po tomto slo\u017een\u00ed se ujist\u00edme, zda jsou v\u0161echny spoje pevn\u011b spojeny (sl\u00edcov\u00e1ny).<\/li>\n<\/ol>\n<h2>Bezpe\u010dnost je u n\u00e1s na prvn\u00edm m\u00edst\u011b!<\/h2>\n<p>Konstrukce houpac\u00edho slona je navr\u017eena tak, aby zajistila maxim\u00e1ln\u00ed bezpe\u010dnost p\u0159i houp\u00e1n\u00ed. Hrany slona jsou dokonale zabrou\u0161eny. Mad\u00fdlka jsou p\u0159izp\u016fsobeny mal\u00fdm d\u011btsk\u00fdm ru\u010di\u010dk\u00e1m a stupa\u010dky jsou ve v\u00fd\u0161ce, aby no\u017ei\u010dkama dos\u00e1hlo ro\u010dn\u00ed d\u00edt\u011b. Kvalita a odolnost pou\u017eit\u00fdch materi\u00e1l\u016f zaji\u0161\u0165uj\u00ed pot\u0159ebnou stabilitu i extr\u00e9mn\u00edmu zat\u00ed\u017een\u00ed.<\/p>\n<h2><strong>U\u010d\u00edme na\u0161e d\u011bti.<\/strong><\/h2>\n<p>Houpac\u00ed slon slou\u017e\u00ed k houp\u00e1n\u00ed a podporuje rozvoj motoriky a rovnov\u00e1hy. Motorick\u00fd v\u00fdvoj je proces, kter\u00fd je d\u016fle\u017eit\u00fd pro d\u011bti od \u00fatl\u00e9ho v\u011bku k u\u010den\u00ed se \u010d\u00edst, ps\u00e1t a spr\u00e1vn\u011b vn\u00edmat prostorovou orientaci a koordinaci o\u010d\u00ed a rukou. Montessori houpac\u00ed slon poskytne va\u0161emu d\u00edt\u011bti skv\u011blou z\u00e1bavu. Houpac\u00ed slon podporuje fyzickou aktivitu a t\u00edm zlep\u0161uje celkovou fyzickou kondici.<\/p>\n<h3>Koup\u011b tohoto d\u0159ev\u011bn\u00e9ho houpac\u00edho slona je v\u00fdborn\u00e1 investice do osobn\u00edho rozvoje a z\u00e1bavy va\u0161ich d\u011bt\u00ed!<\/h3>\n<h5>Vlastnosti:<\/h5>\n<p>Rozm\u011bry: 76 x 35 x 50 cm<br \/>\nV\u00e1ha: 3 kg<br \/>\nMateri\u00e1l proveden\u00ed: B\u0159ezov\u00e1 p\u0159ekli\u017eka jakost I.<br \/>\nV\u011bk: 1+<br \/>\nMaxim\u00e1ln\u00ed nosnost:\u00a0 90 kg<br \/>\nVelikost balen\u00ed: 85 x 40 x 55 cm<br \/>\nHmotnost s obalem:\u00a0 3,6 kg<br \/>\nPo\u010det \u010d\u00e1st\u00ed slona: 7 (2 houpac\u00ed nohy, 2 nohy slona, 1 t\u011blo, 1 u\u0161i &#8211; madlo, 1 seda\u010dka)<\/p>\n","protected":false},"excerpt":{"rendered":"<ul>\n<li>V p\u0159\u00edrodn\u00ed variant\u011b, to znamen\u00e1 bez lak\u016f a barev.<\/li>\n<li>K dod\u00e1n\u00ed ihned<\/li>\n<li>Pro d\u011bti od 12 m\u011bs\u00edc\u016f<\/li>\n<li>Montessori prvek<\/li>\n<li>Materi\u00e1l: B\u0159ezov\u00e1 p\u0159ekli\u017eka 12mm<\/li>\n<li>Nosnost 90kg<\/li>\n<li>Origin\u00e1ln\u00ed vlastn\u00ed \u010cESK\u00c1 v\u00fdroba<\/li>\n<li>Spl\u0148uje po\u017eadavky norem EN 71-1,2,3<\/li>\n<li>Certifik\u00e1t CE<\/li>\n<\/ul>\n","protected":false},"featured_media":145,"comment_status":"open","ping_status":"closed","template":"","meta":[],"product_brand":[],"product_cat":[15,16,23],"product_tag":[18,26,29,25,20,37],"class_list":{"0":"post-144","1":"product","2":"type-product","3":"status-publish","4":"has-post-thumbnail","6":"product_cat-houpadlo","7":"product_cat-hracky","8":"product_cat-montessori","9":"product_tag-houpani","10":"product_tag-lenoseni","11":"product_tag-montessori","12":"product_tag-sezeni","13":"product_tag-stabilita","14":"product_tag-vlastni-vyroba","15":"product_shipping_class-vd","17":"first","18":"instock","19":"shipping-taxable","20":"purchasable","21":"product-type-simple"},"jetpack_sharing_enabled":true,"_links":{"self":[{"href":"http:\/\/bavito.cz\/index.php?rest_route=\/wp\/v2\/product\/144","targetHints":{"allow":["GET"]}}],"collection":[{"href":"http:\/\/bavito.cz\/index.php?rest_route=\/wp\/v2\/product"}],"about":[{"href":"http:\/\/bavito.cz\/index.php?rest_route=\/wp\/v2\/types\/product"}],"replies":[{"embeddable":true,"href":"http:\/\/bavito.cz\/index.php?rest_route=%2Fwp%2Fv2%2Fcomments&post=144"}],"wp:featuredmedia":[{"embeddable":true,"href":"http:\/\/bavito.cz\/index.php?rest_route=\/wp\/v2\/media\/145"}],"wp:attachment":[{"href":"http:\/\/bavito.cz\/index.php?rest_route=%2Fwp%2Fv2%2Fmedia&parent=144"}],"wp:term":[{"taxonomy":"product_brand","embeddable":true,"href":"http:\/\/bavito.cz\/index.php?rest_route=%2Fwp%2Fv2%2Fproduct_brand&post=144"},{"taxonomy":"product_cat","embeddable":true,"href":"http:\/\/bavito.cz\/index.php?rest_route=%2Fwp%2Fv2%2Fproduct_cat&post=144"},{"taxonomy":"product_tag","embeddable":true,"href":"http:\/\/bavito.cz\/index.php?rest_route=%2Fwp%2Fv2%2Fproduct_tag&post=144"}],"curies":[{"name":"wp","href":"https:\/\/api.w.org\/{rel}","templated":true}]}}